{"id":6694,"date":"2025-05-30T04:33:11","date_gmt":"2025-05-30T04:33:11","guid":{"rendered":"https:\/\/zsp-piatkowisko.pl\/?page_id=6694"},"modified":"2026-03-31T10:12:22","modified_gmt":"2026-03-31T10:12:22","slug":"erasmus","status":"publish","type":"page","link":"https:\/\/zsp-piatkowisko.pl\/?page_id=6694","title":{"rendered":"Erasmus"},"content":{"rendered":"<p><a href=\"http:\/\/zsp-piatkowisko.pl\/wp-content\/uploads\/2026\/01\/Projekt-Spokoj-kontynuacja.mindfulness-w-ZSP-w-Piatkowisku.pdf\">Projekt S(pok\u00f3j) -kontynuacja.mindfulness w ZSP w Pi\u0105tkowisku<\/a><\/p>\n<p><img loading=\"lazy\" decoding=\"async\" class=\"alignnone size-medium wp-image-6842\" src=\"http:\/\/zsp-piatkowisko.pl\/wp-content\/uploads\/2026\/01\/ERASMUS-212x300.jpg\" alt=\"\" width=\"212\" height=\"300\" srcset=\"https:\/\/zsp-piatkowisko.pl\/wp-content\/uploads\/2026\/01\/ERASMUS-212x300.jpg 212w, https:\/\/zsp-piatkowisko.pl\/wp-content\/uploads\/2026\/01\/ERASMUS.jpg 550w\" sizes=\"auto, (max-width: 212px) 100vw, 212px\" \/><\/p>\n<p><a href=\"http:\/\/zsp-piatkowisko.pl\/wp-content\/uploads\/2026\/01\/Zaczynamy-rekrutacje.pdf\">Zaczynamy rekrutacj\u0119<\/a><\/p>\n<p><a href=\"http:\/\/zsp-piatkowisko.pl\/wp-content\/uploads\/2026\/01\/Regulamin-Piatkowisko.pdf\">Regulamin Pi\u0105tkowisko<\/a><\/p>\n<p><a href=\"http:\/\/zsp-piatkowisko.pl\/wp-content\/uploads\/2026\/01\/Formularz-rekrutacyjny-Piatkowisko.pdf\">Formularz rekrutacyjny Pi\u0105tkowisko<\/a><\/p>\n<p><a href=\"http:\/\/zsp-piatkowisko.pl\/wp-content\/uploads\/2026\/01\/Instrukcja-wypelniania-formularza-rekrutacyjnego.pdf\">Instrukcja wype\u0142niania formularza rekrutacyjnego<\/a><\/p>\n<p><a href=\"http:\/\/zsp-piatkowisko.pl\/wp-content\/uploads\/2026\/01\/Korekta-instrukcji-wypelniania-formularza-rekrutacyjnego.pdf\">Korekta instrukcji wype\u0142niania formularza rekrutacyjnego<\/a><\/p>\n<p><a href=\"http:\/\/zsp-piatkowisko.pl\/wp-content\/uploads\/2026\/01\/Wyjasnienie-korekty-instrukcji-wypelniania-formularza-rekrutacyjnego.pdf\">Wyja\u015bnienie korekty instrukcji wype\u0142niania formularza rekrutacyjnego<\/a><\/p>\n<p><a href=\"http:\/\/zsp-piatkowisko.pl\/wp-content\/uploads\/2026\/02\/Aneks-nr-1-2026-do-regulaminu.pdf\">Aneks nr 1 2026 do regulaminu<\/a><\/p>\n<p><a href=\"http:\/\/zsp-piatkowisko.pl\/wp-content\/uploads\/2026\/02\/Aneks-nr-2-2026-do-regulaminu.pdf\">Aneks nr 2 2026 do regulaminu<\/a><\/p>\n<p><a href=\"http:\/\/zsp-piatkowisko.pl\/wp-content\/uploads\/2026\/03\/Warunki-ubezpieczenia.pdf\">Warunki ubezpieczenia<\/a><\/p>\n","protected":false},"excerpt":{"rendered":"<p>Projekt S(pok\u00f3j) -kontynuacja.mindfulness w ZSP w Pi\u0105tkowisku Zaczynamy rekrutacj\u0119 Regulamin Pi\u0105tkowisko Formularz rekrutacyjny Pi\u0105tkowisko Instrukcja wype\u0142niania formularza rekrutacyjnego Korekta instrukcji wype\u0142niania formularza rekrutacyjnego Wyja\u015bnienie korekty instrukcji wype\u0142niania formularza rekrutacyjnego Aneks nr 1 2026 do regulaminu Aneks nr 2 2026 do regulaminu Warunki ubezpieczenia<\/p>\n","protected":false},"author":1,"featured_media":0,"parent":0,"menu_order":0,"comment_status":"closed","ping_status":"closed","template":"","meta":{"ngg_post_thumbnail":0,"footnotes":""},"class_list":["post-6694","page","type-page","status-publish","hentry"],"_links":{"self":[{"href":"https:\/\/zsp-piatkowisko.pl\/index.php?rest_route=\/wp\/v2\/pages\/6694","targetHints":{"allow":["GET"]}}],"collection":[{"href":"https:\/\/zsp-piatkowisko.pl\/index.php?rest_route=\/wp\/v2\/pages"}],"about":[{"href":"https:\/\/zsp-piatkowisko.pl\/index.php?rest_route=\/wp\/v2\/types\/page"}],"author":[{"embeddable":true,"href":"https:\/\/zsp-piatkowisko.pl\/index.php?rest_route=\/wp\/v2\/users\/1"}],"replies":[{"embeddable":true,"href":"https:\/\/zsp-piatkowisko.pl\/index.php?rest_route=%2Fwp%2Fv2%2Fcomments&post=6694"}],"version-history":[{"count":11,"href":"https:\/\/zsp-piatkowisko.pl\/index.php?rest_route=\/wp\/v2\/pages\/6694\/revisions"}],"predecessor-version":[{"id":6953,"href":"https:\/\/zsp-piatkowisko.pl\/index.php?rest_route=\/wp\/v2\/pages\/6694\/revisions\/6953"}],"wp:attachment":[{"href":"https:\/\/zsp-piatkowisko.pl\/index.php?rest_route=%2Fwp%2Fv2%2Fmedia&parent=6694"}],"curies":[{"name":"wp","href":"https:\/\/api.w.org\/{rel}","templated":true}]}}