{"id":6685,"date":"2025-05-30T04:31:13","date_gmt":"2025-05-30T04:31:13","guid":{"rendered":"https:\/\/zsp-piatkowisko.pl\/?page_id=6685"},"modified":"2026-03-23T06:56:45","modified_gmt":"2026-03-23T06:56:45","slug":"dokumenty-szkoly","status":"publish","type":"page","link":"https:\/\/zsp-piatkowisko.pl\/?page_id=6685","title":{"rendered":"Dokumenty szko\u0142y"},"content":{"rendered":"<p><a href=\"http:\/\/zsp-piatkowisko.pl\/wp-content\/uploads\/2026\/03\/STANDARDY-OCHRONY-MALOLETNICH-Zespol-Szkolno-Przedszkolny-w-Piatkowisku.pdf\">STANDARDY OCHRONY MA\u0141OLETNICH &#8211; Zesp\u00f3\u0142 Szkolno Przedszkolny w Pi\u0105tkowisku<\/a><\/p>\n<p><a href=\"http:\/\/zsp-piatkowisko.pl\/wp-content\/uploads\/2026\/03\/Wewnatrzszkolny-Program_Doradztwa_Zawodowego_Piatkowisko.pdf\">Wewn\u0105trzszkolny Program_Doradztwa_Zawodowego_Piatkowisko<\/a><\/p>\n<p><a href=\"http:\/\/zsp-piatkowisko.pl\/wp-content\/uploads\/2026\/03\/Program-wychowawczo-profilaktyczny_na_rok_2025_2026.pdf\">Program wychowawczo profilaktyczny_na_rok_2025_2026<\/a><\/p>\n","protected":false},"excerpt":{"rendered":"<p>STANDARDY OCHRONY MA\u0141OLETNICH &#8211; Zesp\u00f3\u0142 Szkolno Przedszkolny w Pi\u0105tkowisku Wewn\u0105trzszkolny Program_Doradztwa_Zawodowego_Piatkowisko Program wychowawczo profilaktyczny_na_rok_2025_2026<\/p>\n","protected":false},"author":1,"featured_media":0,"parent":2379,"menu_order":0,"comment_status":"closed","ping_status":"closed","template":"","meta":{"ngg_post_thumbnail":0,"footnotes":""},"class_list":["post-6685","page","type-page","status-publish","hentry"],"_links":{"self":[{"href":"https:\/\/zsp-piatkowisko.pl\/index.php?rest_route=\/wp\/v2\/pages\/6685","targetHints":{"allow":["GET"]}}],"collection":[{"href":"https:\/\/zsp-piatkowisko.pl\/index.php?rest_route=\/wp\/v2\/pages"}],"about":[{"href":"https:\/\/zsp-piatkowisko.pl\/index.php?rest_route=\/wp\/v2\/types\/page"}],"author":[{"embeddable":true,"href":"https:\/\/zsp-piatkowisko.pl\/index.php?rest_route=\/wp\/v2\/users\/1"}],"replies":[{"embeddable":true,"href":"https:\/\/zsp-piatkowisko.pl\/index.php?rest_route=%2Fwp%2Fv2%2Fcomments&post=6685"}],"version-history":[{"count":4,"href":"https:\/\/zsp-piatkowisko.pl\/index.php?rest_route=\/wp\/v2\/pages\/6685\/revisions"}],"predecessor-version":[{"id":6950,"href":"https:\/\/zsp-piatkowisko.pl\/index.php?rest_route=\/wp\/v2\/pages\/6685\/revisions\/6950"}],"up":[{"embeddable":true,"href":"https:\/\/zsp-piatkowisko.pl\/index.php?rest_route=\/wp\/v2\/pages\/2379"}],"wp:attachment":[{"href":"https:\/\/zsp-piatkowisko.pl\/index.php?rest_route=%2Fwp%2Fv2%2Fmedia&parent=6685"}],"curies":[{"name":"wp","href":"https:\/\/api.w.org\/{rel}","templated":true}]}}