{"id":5676,"date":"2020-05-20T23:57:40","date_gmt":"2020-05-20T21:57:40","guid":{"rendered":"http:\/\/zsp-piatkowisko.pl\/?page_id=5676"},"modified":"2025-11-05T12:33:15","modified_gmt":"2025-11-05T12:33:15","slug":"psycholog","status":"publish","type":"page","link":"https:\/\/zsp-piatkowisko.pl\/?page_id=5676","title":{"rendered":"Psycholog"},"content":{"rendered":"<h3 class=\" ztl-accent-font ztl-center ztl-font-normal\">mgr<\/h3>\n<h5 class=\" ztl-accent-font ztl-center ztl-font-normal\">Godziny pracy: poniedzia\u0142ek: 7.30-14.00 wtorek: 10.00-15.15 \u015broda: 9.15-13.45 (\u017bytowice) czwartek: 7.30-11.15<\/h5>\n<div class=\"vc_empty_space\">&nbsp;<\/div>\n<h5 class=\"ztl-mobile-center ztl-main-font ztl-center ztl-font-normal\">Kontakt:- dziennik elektroniczny lub tel. 42 215 74 87 (sekretariat)<\/h5>\n","protected":false},"excerpt":{"rendered":"<p>mgr Godziny pracy: poniedzia\u0142ek: 7.30-14.00 wtorek: 10.00-15.15 \u015broda: 9.15-13.45 (\u017bytowice) czwartek: 7.30-11.15 &nbsp; Kontakt:- dziennik elektroniczny lub tel. 42 215 74 87 (sekretariat)<\/p>\n","protected":false},"author":3,"featured_media":0,"parent":0,"menu_order":0,"comment_status":"closed","ping_status":"closed","template":"","meta":{"ngg_post_thumbnail":0,"footnotes":""},"class_list":["post-5676","page","type-page","status-publish","hentry"],"_links":{"self":[{"href":"https:\/\/zsp-piatkowisko.pl\/index.php?rest_route=\/wp\/v2\/pages\/5676","targetHints":{"allow":["GET"]}}],"collection":[{"href":"https:\/\/zsp-piatkowisko.pl\/index.php?rest_route=\/wp\/v2\/pages"}],"about":[{"href":"https:\/\/zsp-piatkowisko.pl\/index.php?rest_route=\/wp\/v2\/types\/page"}],"author":[{"embeddable":true,"href":"https:\/\/zsp-piatkowisko.pl\/index.php?rest_route=\/wp\/v2\/users\/3"}],"replies":[{"embeddable":true,"href":"https:\/\/zsp-piatkowisko.pl\/index.php?rest_route=%2Fwp%2Fv2%2Fcomments&post=5676"}],"version-history":[{"count":1,"href":"https:\/\/zsp-piatkowisko.pl\/index.php?rest_route=\/wp\/v2\/pages\/5676\/revisions"}],"predecessor-version":[{"id":6819,"href":"https:\/\/zsp-piatkowisko.pl\/index.php?rest_route=\/wp\/v2\/pages\/5676\/revisions\/6819"}],"wp:attachment":[{"href":"https:\/\/zsp-piatkowisko.pl\/index.php?rest_route=%2Fwp%2Fv2%2Fmedia&parent=5676"}],"curies":[{"name":"wp","href":"https:\/\/api.w.org\/{rel}","templated":true}]}}