{"id":5653,"date":"2020-05-20T22:54:43","date_gmt":"2020-05-20T20:54:43","guid":{"rendered":"http:\/\/zsp-piatkowisko.pl\/?page_id=5653"},"modified":"2026-03-16T07:47:05","modified_gmt":"2026-03-16T07:47:05","slug":"do-pobrania-dla-uczniow","status":"publish","type":"page","link":"https:\/\/zsp-piatkowisko.pl\/?page_id=5653","title":{"rendered":"Do pobrania &#8211; dla uczni\u00f3w"},"content":{"rendered":"\t\t<div data-elementor-type=\"wp-page\" data-elementor-id=\"5653\" class=\"elementor elementor-5653\">\n\t\t\t\t\t\t\t\t\t<section class=\"elementor-section elementor-top-section elementor-element elementor-element-13a60f88 elementor-section-boxed elementor-section-height-default elementor-section-height-default\" data-id=\"13a60f88\" data-element_type=\"section\">\n\t\t\t\t\t\t<div class=\"elementor-container elementor-column-gap-default\">\n\t\t\t\t\t<div class=\"elementor-column elementor-col-100 elementor-top-column elementor-element elementor-element-2e686d36\" data-id=\"2e686d36\" data-element_type=\"column\">\n\t\t\t<div class=\"elementor-widget-wrap elementor-element-populated\">\n\t\t\t\t\t\t\t\t<div class=\"elementor-element elementor-element-27e6b391 elementor-widget elementor-widget-text-editor\" data-id=\"27e6b391\" data-element_type=\"widget\" data-widget_type=\"text-editor.default\">\n\t\t\t\t<div class=\"elementor-widget-container\">\n\t\t\t<style>\/*! elementor - v3.7.7 - 20-09-2022 *\/\n.elementor-widget-text-editor.elementor-drop-cap-view-stacked .elementor-drop-cap{background-color:#818a91;color:#fff}.elementor-widget-text-editor.elementor-drop-cap-view-framed .elementor-drop-cap{color:#818a91;border:3px solid;background-color:transparent}.elementor-widget-text-editor:not(.elementor-drop-cap-view-default) .elementor-drop-cap{margin-top:8px}.elementor-widget-text-editor:not(.elementor-drop-cap-view-default) .elementor-drop-cap-letter{width:1em;height:1em}.elementor-widget-text-editor .elementor-drop-cap{float:left;text-align:center;line-height:1;font-size:50px}.elementor-widget-text-editor .elementor-drop-cap-letter{display:inline-block}<\/style>\t\t\t\t<p style=\"margin-bottom: 18.75pt; line-height: normal;\"><b><span style=\"font-size: 14.0pt; font-family: Rubik; mso-fareast-font-family: 'Times New Roman'; color: black; mso-fareast-language: PL;\">Harmonogram rekrutacji do szk\u00f3\u0142 ponadpodstawowych na rok szkolny 2026\/2027:<\/span><\/b><\/p><ul type=\"disc\"><li style=\"color: #7a7a7a; mso-margin-top-alt: auto; mso-margin-bottom-alt: auto; line-height: normal; mso-list: l0 level1 lfo1; tab-stops: list 36.0pt;\"><span style=\"font-size: 12.0pt; font-family: Roboto; mso-fareast-font-family: 'Times New Roman'; mso-bidi-font-family: 'Times New Roman'; color: black; mso-fareast-language: PL;\">Z\u0142o\u017cenie wniosku o przyj\u0119cie do szk\u00f3\u0142 ponadpodstawowych \u2013 od 27 kwietnia 2026 r. godz. 12:00 do 21 maja 2026 r. do godz. 15:00.<\/span><\/li><li style=\"color: #7a7a7a; mso-margin-top-alt: auto; mso-margin-bottom-alt: auto; line-height: normal; mso-list: l0 level1 lfo1; tab-stops: list 36.0pt;\"><span style=\"font-size: 12.0pt; font-family: Roboto; mso-fareast-font-family: 'Times New Roman'; mso-bidi-font-family: 'Times New Roman'; color: black; mso-fareast-language: PL;\">Zmiany na li\u015bcie preferencji oddzia\u0142\u00f3w dla zweryfikowanych w post\u0119powaniu rekrutacyjnym wniosk\u00f3w w \u2013 od 3 lipca 2026 r. do 8 lipca 2026 r. do godz. 15:00.<\/span><\/li><li style=\"color: #7a7a7a; mso-margin-top-alt: auto; mso-margin-bottom-alt: auto; line-height: normal; mso-list: l0 level1 lfo1; tab-stops: list 36.0pt;\"><span style=\"font-size: 12.0pt; font-family: Roboto; mso-fareast-font-family: 'Times New Roman'; mso-bidi-font-family: 'Times New Roman'; color: black; mso-fareast-language: PL;\">Uzupe\u0142nienie wniosku o kopi\u0119 \u015bwiadectwa uko\u0144czenia szko\u0142y podstawowej oraz kopi\u0119 za\u015bwiadczenia o wynikach egzaminu \u00f3smoklasisty \u2013 od 3 lipca 2026 r. do 8 lipca 2026 r. do godz. 15:00.<\/span><\/li><li style=\"color: #7a7a7a; mso-margin-top-alt: auto; mso-margin-bottom-alt: auto; line-height: normal; mso-list: l0 level1 lfo1; tab-stops: list 36.0pt;\"><span style=\"font-size: 12.0pt; font-family: Roboto; mso-fareast-font-family: 'Times New Roman'; mso-bidi-font-family: 'Times New Roman'; color: black; mso-fareast-language: PL;\">Podanie do publicznej wiadomo\u015bci listy kandydat\u00f3w zakwalifikowanych \u2013 15 lipca 2026 r. do godz. 12:00.<\/span><\/li><li style=\"color: #7a7a7a; mso-margin-top-alt: auto; mso-margin-bottom-alt: auto; line-height: normal; mso-list: l0 level1 lfo1; tab-stops: list 36.0pt;\"><span style=\"font-size: 12.0pt; font-family: Roboto; mso-fareast-font-family: 'Times New Roman'; mso-bidi-font-family: 'Times New Roman'; color: black; mso-fareast-language: PL;\">Potwierdzenie przez rodzic\u00f3w lub opiekun\u00f3w kandydata zamiaru podj\u0119cia nauki (orygina\u0142 \u015bwiadectwa i za\u015bwiadczenia z egzaminu \u00f3smoklasisty) \u2013 od 15 lipca 2026 r. godz. 12:00 do 20 lipca 2026 r. godz. 15:00.<\/span><\/li><li style=\"color: #7a7a7a; mso-margin-top-alt: auto; mso-margin-bottom-alt: auto; line-height: normal; mso-list: l0 level1 lfo1; tab-stops: list 36.0pt;\"><span style=\"font-size: 12.0pt; font-family: Roboto; mso-fareast-font-family: 'Times New Roman'; mso-bidi-font-family: 'Times New Roman'; color: black; mso-fareast-language: PL;\">Podanie do publicznej wiadomo\u015bci listy kandydat\u00f3w przyj\u0119tych w post\u0119powaniu rekrutacyjnym \u2013 21 lipca 2026 r. do godz. 12:00.<\/span><\/li><\/ul><p style=\"line-height: normal; margin: 0cm 0cm 18.75pt 36.0pt;\"><span style=\"font-size: 12.0pt; font-family: Rubik; mso-fareast-font-family: 'Times New Roman'; color: #7a7a7a; mso-fareast-language: PL;\">Strona dla kandydata \u2013 logowanie dla systemu:<br \/><b>lodzkie.edu.com.pl<\/b><\/span><b><span style=\"font-size: 12.0pt; font-family: 'Cambria',serif; mso-fareast-font-family: 'Times New Roman'; mso-bidi-font-family: Cambria; color: #7a7a7a; mso-fareast-language: PL;\">\u00a0<\/span><\/b><span style=\"font-family: 'Arial',sans-serif; mso-fareast-font-family: 'Times New Roman'; color: #7a7a7a; mso-fareast-language: PL;\">od 27 kwietnia 2026 r. godz.12.00\u00a0do 21 maja 2026 r. godz.15:00<\/span><\/p><p style=\"margin-bottom: 18.75pt; line-height: normal;\"><b><span style=\"font-size: 12.0pt; font-family: Rubik; mso-fareast-font-family: 'Times New Roman'; color: red; mso-fareast-language: PL;\">Przypominamy, \u017ce rejestracja wniosk\u00f3w up\u0142ywa 21 maja 2026 r. o godz. 15:00.<\/span><\/b><b><span style=\"font-size: 12.0pt; font-family: 'Cambria',serif; mso-fareast-font-family: 'Times New Roman'; mso-bidi-font-family: Cambria; color: red; mso-fareast-language: PL;\">\u00a0<\/span><\/b><b><span style=\"font-size: 12.0pt; font-family: Rubik; mso-fareast-font-family: 'Times New Roman'; color: red; mso-fareast-language: PL;\">Po tym terminie nie b\u0119dzie mo\u017cna z\u0142o\u017cy\u0107 wniosk\u00f3w w systemie elektronicznym.<\/span><\/b><\/p>\t\t\t\t\t\t<\/div>\n\t\t\t\t<\/div>\n\t\t\t\t\t<\/div>\n\t\t<\/div>\n\t\t\t\t\t\t\t<\/div>\n\t\t<\/section>\n\t\t\t\t\t\t\t<\/div>\n\t\t","protected":false},"excerpt":{"rendered":"<p>Harmonogram rekrutacji do szk\u00f3\u0142 ponadpodstawowych na rok szkolny 2026\/2027: Z\u0142o\u017cenie wniosku o przyj\u0119cie do szk\u00f3\u0142 ponadpodstawowych \u2013 od 27 kwietnia 2026 r. godz. 12:00 do 21 maja 2026 r. do godz. 15:00. Zmiany na li\u015bcie preferencji oddzia\u0142\u00f3w dla zweryfikowanych w post\u0119powaniu rekrutacyjnym wniosk\u00f3w w \u2013 od 3 lipca 2026 r. [&hellip;]<\/p>\n","protected":false},"author":3,"featured_media":0,"parent":0,"menu_order":0,"comment_status":"closed","ping_status":"closed","template":"","meta":{"ngg_post_thumbnail":0,"footnotes":""},"class_list":["post-5653","page","type-page","status-publish","hentry"],"_links":{"self":[{"href":"https:\/\/zsp-piatkowisko.pl\/index.php?rest_route=\/wp\/v2\/pages\/5653","targetHints":{"allow":["GET"]}}],"collection":[{"href":"https:\/\/zsp-piatkowisko.pl\/index.php?rest_route=\/wp\/v2\/pages"}],"about":[{"href":"https:\/\/zsp-piatkowisko.pl\/index.php?rest_route=\/wp\/v2\/types\/page"}],"author":[{"embeddable":true,"href":"https:\/\/zsp-piatkowisko.pl\/index.php?rest_route=\/wp\/v2\/users\/3"}],"replies":[{"embeddable":true,"href":"https:\/\/zsp-piatkowisko.pl\/index.php?rest_route=%2Fwp%2Fv2%2Fcomments&post=5653"}],"version-history":[{"count":13,"href":"https:\/\/zsp-piatkowisko.pl\/index.php?rest_route=\/wp\/v2\/pages\/5653\/revisions"}],"predecessor-version":[{"id":6910,"href":"https:\/\/zsp-piatkowisko.pl\/index.php?rest_route=\/wp\/v2\/pages\/5653\/revisions\/6910"}],"wp:attachment":[{"href":"https:\/\/zsp-piatkowisko.pl\/index.php?rest_route=%2Fwp%2Fv2%2Fmedia&parent=5653"}],"curies":[{"name":"wp","href":"https:\/\/api.w.org\/{rel}","templated":true}]}}