{"id":5574,"date":"2020-05-19T21:25:32","date_gmt":"2020-05-19T19:25:32","guid":{"rendered":"http:\/\/zsp-piatkowisko.pl\/?page_id=5574"},"modified":"2025-11-05T12:32:05","modified_gmt":"2025-11-05T12:32:05","slug":"biblioteka","status":"publish","type":"page","link":"https:\/\/zsp-piatkowisko.pl\/?page_id=5574","title":{"rendered":"Biblioteka"},"content":{"rendered":"<div class=\"vc_row wpb_row vc_row-fluid\">\n<div class=\"wpb_column vc_column_container vc_col-sm-6\">\n<div class=\"vc_column-inner\">\n<div class=\"wpb_wrapper\">\n<h4 class=\"ztl-mobile-center ztl-main-font ztl-center ztl-font-normal\">Uczniowie kl. I-III i grupy przedszkolne korzystaj\u0105 z Biblioteki Publicznej w \u017bytowicach.<\/h4>\n<div class=\"vc_empty_space\">&nbsp;<\/div>\n<h4 class=\"ztl-mobile-center ztl-main-font ztl-center ztl-font-light\">Godziny:<br \/>\nPn 8.30-14.00<br \/>\n\u015ar 8.30-14.00<br \/>\nCzw 8.30-11.30<\/h4>\n<div class=\"vc_empty_space\">&nbsp;<\/div>\n<\/div>\n<\/div>\n<\/div>\n<div class=\"wpb_column vc_column_container vc_col-sm-6\">\n<div class=\"vc_column-inner\">\n<div class=\"wpb_wrapper\">\n<h4 class=\"ztl-mobile-center ztl-main-font ztl-center ztl-font-normal\">Uczniowie kl. IV-VIII korzystaj\u0105 z Biblioteki w ZSP w Pi\u0105tkowisku.<br \/>\nBibliotekarz \u2013 Anna Krawczuk<\/h4>\n<div class=\"vc_empty_space\">&nbsp;<\/div>\n<h4 class=\"ztl-mobile-center ztl-main-font ztl-center ztl-font-light\">Godziny:<br \/>\nponiedzia\u0142ek 7.00-7.40; 8.25-9.30; 10.15-13.55<br \/>\nwtorek 7.00-8.35; 9.20-13.55<br \/>\n\u015broda 7.00-9.20; 10.15-14.45<br \/>\nczwartek 7.00-7.40; 9.20-14.45<br \/>\npi\u0105tek 7.00-8.35; 9.20-14.45<\/h4>\n<div class=\"vc_empty_space\">&nbsp;<\/div>\n<\/div>\n<\/div>\n<\/div>\n<\/div>\n","protected":false},"excerpt":{"rendered":"<p>Uczniowie kl. I-III i grupy przedszkolne korzystaj\u0105 z Biblioteki Publicznej w \u017bytowicach. &nbsp; Godziny: Pn 8.30-14.00 \u015ar 8.30-14.00 Czw 8.30-11.30 &nbsp; Uczniowie kl. IV-VIII korzystaj\u0105 z Biblioteki w ZSP w Pi\u0105tkowisku. Bibliotekarz \u2013 Anna Krawczuk &nbsp; Godziny: poniedzia\u0142ek 7.00-7.40; 8.25-9.30; 10.15-13.55 wtorek 7.00-8.35; 9.20-13.55 \u015broda 7.00-9.20; 10.15-14.45 czwartek 7.00-7.40; 9.20-14.45 [&hellip;]<\/p>\n","protected":false},"author":3,"featured_media":0,"parent":0,"menu_order":0,"comment_status":"closed","ping_status":"closed","template":"","meta":{"ngg_post_thumbnail":0,"footnotes":""},"class_list":["post-5574","page","type-page","status-publish","hentry"],"_links":{"self":[{"href":"https:\/\/zsp-piatkowisko.pl\/index.php?rest_route=\/wp\/v2\/pages\/5574","targetHints":{"allow":["GET"]}}],"collection":[{"href":"https:\/\/zsp-piatkowisko.pl\/index.php?rest_route=\/wp\/v2\/pages"}],"about":[{"href":"https:\/\/zsp-piatkowisko.pl\/index.php?rest_route=\/wp\/v2\/types\/page"}],"author":[{"embeddable":true,"href":"https:\/\/zsp-piatkowisko.pl\/index.php?rest_route=\/wp\/v2\/users\/3"}],"replies":[{"embeddable":true,"href":"https:\/\/zsp-piatkowisko.pl\/index.php?rest_route=%2Fwp%2Fv2%2Fcomments&post=5574"}],"version-history":[{"count":1,"href":"https:\/\/zsp-piatkowisko.pl\/index.php?rest_route=\/wp\/v2\/pages\/5574\/revisions"}],"predecessor-version":[{"id":6817,"href":"https:\/\/zsp-piatkowisko.pl\/index.php?rest_route=\/wp\/v2\/pages\/5574\/revisions\/6817"}],"wp:attachment":[{"href":"https:\/\/zsp-piatkowisko.pl\/index.php?rest_route=%2Fwp%2Fv2%2Fmedia&parent=5574"}],"curies":[{"name":"wp","href":"https:\/\/api.w.org\/{rel}","templated":true}]}}