{"id":5557,"date":"2020-05-16T00:16:08","date_gmt":"2020-05-15T22:16:08","guid":{"rendered":"http:\/\/zsp-piatkowisko.pl\/?page_id=5557"},"modified":"2026-03-16T10:49:38","modified_gmt":"2026-03-16T10:49:38","slug":"rada-rodzicow","status":"publish","type":"page","link":"https:\/\/zsp-piatkowisko.pl\/?page_id=5557","title":{"rendered":"Rada rodzic\u00f3w"},"content":{"rendered":"<div class=\"vc_row wpb_row vc_row-fluid\">\n<div class=\"wpb_column vc_column_container vc_col-sm-12\">\n<div class=\"vc_column-inner\">\n<div class=\"wpb_wrapper\">\n<h3 class=\" ztl-accent-font ztl-center ztl-font-normal\">Rada rodzic\u00f3w Zespo\u0142u Szkolno-Przedszkolnego w Pi\u0105tkowisku 2025\/2026<\/h3>\n<div class=\"vc_empty_space\">&nbsp;<\/div>\n<\/div>\n<\/div>\n<\/div>\n<\/div>\n<div class=\"vc_row wpb_row vc_row-fluid\">\n<div class=\"wpb_column vc_column_container vc_col-sm-4\">\n<div class=\"vc_column-inner\">\n<div class=\"wpb_wrapper\">\n<h4 class=\"ztl-mobile-center ztl-main-font ztl-center ztl-font-normal\">Przewodnicz\u0105cy<\/h4>\n<h4 class=\"ztl-mobile-center ztl-main-font ztl-center ztl-font-light\">Angelika Szafulera<\/h4>\n<div class=\"vc_empty_space\">&nbsp;<\/div>\n<\/div>\n<\/div>\n<\/div>\n<div class=\"wpb_column vc_column_container vc_col-sm-4\">\n<div class=\"vc_column-inner\">\n<div class=\"wpb_wrapper\">\n<h4 class=\"ztl-mobile-center ztl-main-font ztl-center ztl-font-normal\">Zast\u0119pca<\/h4>\n<h4 class=\"ztl-mobile-center ztl-main-font ztl-center ztl-font-light\">&nbsp;<\/h4>\n<div class=\"vc_empty_space\">&nbsp;<\/div>\n<\/div>\n<\/div>\n<\/div>\n<div class=\"wpb_column vc_column_container vc_col-sm-4\">\n<div class=\"vc_column-inner\">\n<div class=\"wpb_wrapper\">\n<h4 class=\"ztl-mobile-center ztl-main-font ztl-center ztl-font-normal\">Sekretarz<\/h4>\n<h4 class=\"ztl-mobile-center ztl-main-font ztl-center ztl-font-light\">&nbsp;<\/h4>\n<div class=\"vc_empty_space\">&nbsp;<\/div>\n<\/div>\n<\/div>\n<\/div>\n<\/div>\n","protected":false},"excerpt":{"rendered":"<p>Rada rodzic\u00f3w Zespo\u0142u Szkolno-Przedszkolnego w Pi\u0105tkowisku 2025\/2026 &nbsp; Przewodnicz\u0105cy Angelika Szafulera &nbsp; Zast\u0119pca &nbsp; &nbsp; Sekretarz &nbsp; &nbsp;<\/p>\n","protected":false},"author":3,"featured_media":0,"parent":0,"menu_order":0,"comment_status":"closed","ping_status":"closed","template":"","meta":{"ngg_post_thumbnail":0,"footnotes":""},"class_list":["post-5557","page","type-page","status-publish","hentry"],"_links":{"self":[{"href":"https:\/\/zsp-piatkowisko.pl\/index.php?rest_route=\/wp\/v2\/pages\/5557","targetHints":{"allow":["GET"]}}],"collection":[{"href":"https:\/\/zsp-piatkowisko.pl\/index.php?rest_route=\/wp\/v2\/pages"}],"about":[{"href":"https:\/\/zsp-piatkowisko.pl\/index.php?rest_route=\/wp\/v2\/types\/page"}],"author":[{"embeddable":true,"href":"https:\/\/zsp-piatkowisko.pl\/index.php?rest_route=\/wp\/v2\/users\/3"}],"replies":[{"embeddable":true,"href":"https:\/\/zsp-piatkowisko.pl\/index.php?rest_route=%2Fwp%2Fv2%2Fcomments&post=5557"}],"version-history":[{"count":2,"href":"https:\/\/zsp-piatkowisko.pl\/index.php?rest_route=\/wp\/v2\/pages\/5557\/revisions"}],"predecessor-version":[{"id":6916,"href":"https:\/\/zsp-piatkowisko.pl\/index.php?rest_route=\/wp\/v2\/pages\/5557\/revisions\/6916"}],"wp:attachment":[{"href":"https:\/\/zsp-piatkowisko.pl\/index.php?rest_route=%2Fwp%2Fv2%2Fmedia&parent=5557"}],"curies":[{"name":"wp","href":"https:\/\/api.w.org\/{rel}","templated":true}]}}