{"id":3396,"date":"2016-08-15T14:15:02","date_gmt":"2016-08-15T14:15:02","guid":{"rendered":"http:\/\/zoutula.com\/themes\/kiddie\/?page_id=3396"},"modified":"2025-11-05T12:28:26","modified_gmt":"2025-11-05T12:28:26","slug":"dyrekcja","status":"publish","type":"page","link":"https:\/\/zsp-piatkowisko.pl\/?page_id=3396","title":{"rendered":"Dyrekcja"},"content":{"rendered":"<div class=\"vc_row wpb_row vc_row-fluid\">\n<div class=\"wpb_column vc_column_container vc_col-sm-12\">\n<div class=\"vc_column-inner\">\n<div class=\"wpb_wrapper\">\n<p class=\"vc_empty_space\">Dyrektor Zespo\u0142u Szkolno &#8211; Przedszkolnego w Pi\u0105tkowisku:<\/p>\n<\/div>\n<\/div>\n<\/div>\n<\/div>\n<div class=\"vc_row wpb_row vc_row-fluid\">\n<div class=\"vc_column-inner\">\n<div class=\"wpb_wrapper\">\n<p class=\"ztl-mobile-center ztl-main-font ztl-center ztl-font-light\">mgr Andrzej Rogala<\/p>\n<p>&nbsp;<\/p>\n<\/div>\n<\/div>\n<div class=\"wpb_column vc_column_container vc_col-sm-6\">\n<div class=\"vc_column-inner\">\n<div class=\"wpb_wrapper\">\n<p class=\"ztl-mobile-center ztl-main-font ztl-center ztl-font-normal\">Wicedyrektor Zespo\u0142u Szkolno &#8211; Przedszkolnego w Pi\u0105tkowisku:<\/p>\n<p class=\"ztl-mobile-center ztl-main-font ztl-center ztl-font-light\">mgr Andrzej Kucharczyk<\/p>\n<\/div>\n<\/div>\n<\/div>\n<\/div>\n","protected":false},"excerpt":{"rendered":"<p>Dyrektor Zespo\u0142u Szkolno &#8211; Przedszkolnego w Pi\u0105tkowisku: mgr Andrzej Rogala &nbsp; Wicedyrektor Zespo\u0142u Szkolno &#8211; Przedszkolnego w Pi\u0105tkowisku: mgr Andrzej Kucharczyk<\/p>\n","protected":false},"author":3,"featured_media":0,"parent":0,"menu_order":0,"comment_status":"closed","ping_status":"closed","template":"","meta":{"ngg_post_thumbnail":0,"footnotes":""},"class_list":["post-3396","page","type-page","status-publish","hentry"],"_links":{"self":[{"href":"https:\/\/zsp-piatkowisko.pl\/index.php?rest_route=\/wp\/v2\/pages\/3396","targetHints":{"allow":["GET"]}}],"collection":[{"href":"https:\/\/zsp-piatkowisko.pl\/index.php?rest_route=\/wp\/v2\/pages"}],"about":[{"href":"https:\/\/zsp-piatkowisko.pl\/index.php?rest_route=\/wp\/v2\/types\/page"}],"author":[{"embeddable":true,"href":"https:\/\/zsp-piatkowisko.pl\/index.php?rest_route=\/wp\/v2\/users\/3"}],"replies":[{"embeddable":true,"href":"https:\/\/zsp-piatkowisko.pl\/index.php?rest_route=%2Fwp%2Fv2%2Fcomments&post=3396"}],"version-history":[{"count":3,"href":"https:\/\/zsp-piatkowisko.pl\/index.php?rest_route=\/wp\/v2\/pages\/3396\/revisions"}],"predecessor-version":[{"id":6811,"href":"https:\/\/zsp-piatkowisko.pl\/index.php?rest_route=\/wp\/v2\/pages\/3396\/revisions\/6811"}],"wp:attachment":[{"href":"https:\/\/zsp-piatkowisko.pl\/index.php?rest_route=%2Fwp%2Fv2%2Fmedia&parent=3396"}],"curies":[{"name":"wp","href":"https:\/\/api.w.org\/{rel}","templated":true}]}}