{"id":5655,"date":"2020-05-20T23:23:38","date_gmt":"2020-05-20T21:23:38","guid":{"rendered":"http:\/\/zsp-piatkowisko.pl\/?page_id=5655"},"modified":"2026-03-16T11:03:49","modified_gmt":"2026-03-16T11:03:49","slug":"pedagog","status":"publish","type":"page","link":"http:\/\/zsp-piatkowisko.pl\/?page_id=5655","title":{"rendered":"Pedagog"},"content":{"rendered":"<div class=\"vc_row wpb_row vc_row-fluid\">\n<div class=\"wpb_column vc_column_container vc_col-sm-12\">\n<div class=\"vc_column-inner\">\n<div class=\"wpb_wrapper\">\n<h3 class=\" ztl-accent-font ztl-center ztl-font-normal\">Wioletta Wata\u0142a<\/h3>\n<h4 class=\" ztl-accent-font ztl-center ztl-font-normal\">Godziny pracy pedagoga szkolnego &#8211; Wioletta Wata\u0142a:<\/h4>\n<div class=\"vc_empty_space\">&nbsp;<\/div>\n<\/div>\n<\/div>\n<\/div>\n<\/div>\n<div class=\"vc_row wpb_row vc_row-fluid\">\n<div class=\"wpb_column vc_column_container vc_col-sm-6\">\n<div class=\"vc_column-inner\">\n<div class=\"wpb_wrapper\">\n<h4 class=\"ztl-mobile-center ztl-main-font ztl-center ztl-font-normal\">Pi\u0105tkowisko:<\/h4>\n<h4 class=\"ztl-mobile-center ztl-main-font ztl-center ztl-font-light\">Wtorek w godz. 8.30 &#8211; 9.30\/ 11.10-12.10\/ 14.00-16.30<br \/>\nCzwartek w godz. 9.10 -13.10\/ 13.55- 14.25<br \/>\nPi\u0105tek w godz. 9.20 -11.20<\/h4>\n<div class=\"vc_empty_space\">&nbsp;<\/div>\n<\/div>\n<\/div>\n<\/div>\n<div class=\"wpb_column vc_column_container vc_col-sm-6\">\n<div class=\"vc_column-inner\">\n<div class=\"wpb_wrapper\">\n<h4 class=\"ztl-mobile-center ztl-main-font ztl-center ztl-font-normal\">\u017bytowice:<\/h4>\n<h4 class=\"ztl-mobile-center ztl-main-font ztl-center ztl-font-light\">Poniedzia\u0142ek w godz. 8.30 -12.00<br \/>\n\u015aroda w godz. 8.30-11.30<\/h4>\n<div class=\"vc_empty_space\">&nbsp;<\/div>\n<\/div>\n<\/div>\n<\/div>\n<\/div>\n<div class=\"vc_row wpb_row vc_row-fluid\">\n<div class=\"wpb_column vc_column_container vc_col-sm-12\">\n<div class=\"vc_column-inner\">\n<div class=\"wpb_wrapper\">\n<h4 class=\" ztl-accent-font ztl-center ztl-font-normal\">KONTAKT:<br \/>\nwiolawatala@poczta.fm<br \/>\ntel: 42 215 74 87 (Pi\u0105tkowisko)<br \/>\n42 226 30 90 (\u017bytowice)<\/h4>\n<div class=\"vc_empty_space\">&nbsp;<\/div>\n<div class=\"wpb_single_image wpb_content_element vc_align_center\">&nbsp;<\/div>\n<div class=\"wpb_raw_code wpb_content_element wpb_raw_html\">\n<div class=\"wpb_wrapper\">\n<p>&nbsp;<\/p>\n<\/div>\n<\/div>\n<\/div>\n<\/div>\n<\/div>\n<\/div>\n","protected":false},"excerpt":{"rendered":"<p>Wioletta Wata\u0142a Godziny pracy pedagoga szkolnego &#8211; Wioletta Wata\u0142a: &nbsp; Pi\u0105tkowisko: Wtorek w godz. 8.30 &#8211; 9.30\/ 11.10-12.10\/ 14.00-16.30 Czwartek w godz. 9.10 -13.10\/ 13.55- 14.25 Pi\u0105tek w godz. 9.20 -11.20 &nbsp; \u017bytowice: Poniedzia\u0142ek w godz. 8.30 -12.00 \u015aroda w godz. 8.30-11.30 &nbsp; KONTAKT: wiolawatala@poczta.fm tel: 42 215 74 87 [&hellip;]<\/p>\n","protected":false},"author":3,"featured_media":0,"parent":0,"menu_order":0,"comment_status":"closed","ping_status":"closed","template":"","meta":{"ngg_post_thumbnail":0,"footnotes":""},"class_list":["post-5655","page","type-page","status-publish","hentry"],"_links":{"self":[{"href":"http:\/\/zsp-piatkowisko.pl\/index.php?rest_route=\/wp\/v2\/pages\/5655","targetHints":{"allow":["GET"]}}],"collection":[{"href":"http:\/\/zsp-piatkowisko.pl\/index.php?rest_route=\/wp\/v2\/pages"}],"about":[{"href":"http:\/\/zsp-piatkowisko.pl\/index.php?rest_route=\/wp\/v2\/types\/page"}],"author":[{"embeddable":true,"href":"http:\/\/zsp-piatkowisko.pl\/index.php?rest_route=\/wp\/v2\/users\/3"}],"replies":[{"embeddable":true,"href":"http:\/\/zsp-piatkowisko.pl\/index.php?rest_route=%2Fwp%2Fv2%2Fcomments&post=5655"}],"version-history":[{"count":4,"href":"http:\/\/zsp-piatkowisko.pl\/index.php?rest_route=\/wp\/v2\/pages\/5655\/revisions"}],"predecessor-version":[{"id":6920,"href":"http:\/\/zsp-piatkowisko.pl\/index.php?rest_route=\/wp\/v2\/pages\/5655\/revisions\/6920"}],"wp:attachment":[{"href":"http:\/\/zsp-piatkowisko.pl\/index.php?rest_route=%2Fwp%2Fv2%2Fmedia&parent=5655"}],"curies":[{"name":"wp","href":"https:\/\/api.w.org\/{rel}","templated":true}]}}