{"id":5547,"date":"2020-05-15T23:56:14","date_gmt":"2020-05-15T21:56:14","guid":{"rendered":"http:\/\/zsp-piatkowisko.pl\/?page_id=5547"},"modified":"2026-01-23T10:53:39","modified_gmt":"2026-01-23T10:53:39","slug":"kadra-pedagogiczna","status":"publish","type":"page","link":"http:\/\/zsp-piatkowisko.pl\/?page_id=5547","title":{"rendered":"Kadra pedagogiczna"},"content":{"rendered":"<div class=\"vc_row wpb_row vc_row-fluid\">\n<div class=\"wpb_column vc_column_container vc_col-sm-12\">\n<div class=\"vc_column-inner\">\n<div class=\"wpb_wrapper\">&nbsp;<\/div>\n<\/div>\n<\/div>\n<\/div>\n<div class=\"vc_row wpb_row vc_row-fluid\">\n<div class=\"vc_column-inner\">\n<div class=\"wpb_wrapper\">\n<p><strong>NAUCZYCIELE<\/strong><\/p>\n<p><strong>W ZESPOLE SZKOLNO-PRZEDSZKOLNYM W PI\u0104TKOWISKU 2025\/2026 rok<\/strong><\/p>\n<table width=\"690\">\n<tbody>\n<tr>\n<td width=\"53\">LP.<\/td>\n<td width=\"155\">NAZWISKO I IMI\u0118<\/td>\n<td width=\"331\">STANOWISKO\/<br \/>\nNAUCZANY PRZEDMIOT<\/td>\n<td width=\"151\">WYCHOWAWSTWO<\/td>\n<\/tr>\n<tr>\n<td width=\"53\">1.&nbsp;&nbsp;&nbsp;&nbsp;&nbsp;&nbsp; &nbsp;<\/td>\n<td width=\"155\">Rogala Andrzej<\/td>\n<td width=\"331\"><em>Dyrektor\/<br \/>\nGeografia<\/em><\/td>\n<td width=\"151\">&nbsp;<\/td>\n<\/tr>\n<tr>\n<td width=\"53\">2.&nbsp;&nbsp;&nbsp;&nbsp;&nbsp;&nbsp; &nbsp;<\/td>\n<td width=\"155\">Kucharczyk Andrzej<\/td>\n<td width=\"331\"><em>Wicedyrektor \/<br \/>\n&nbsp;Nauczyciel wsp\u00f3\u0142organizuj\u0105cy kszta\u0142cenie <\/em><\/td>\n<td width=\"151\">&nbsp;<\/td>\n<\/tr>\n<tr>\n<td width=\"53\">3.&nbsp;&nbsp;&nbsp;&nbsp;&nbsp;&nbsp; &nbsp;<\/td>\n<td width=\"155\">Beim Aleksandra<\/td>\n<td width=\"331\"><em>Wychowanie przedszkolne\/<br \/>\nSurdopedagog <\/em><\/td>\n<td width=\"151\">Motylki<\/p>\n<p>Gr. 5 latki<\/td>\n<\/tr>\n<tr>\n<td width=\"53\">4.&nbsp;&nbsp;&nbsp;&nbsp;&nbsp;&nbsp; &nbsp;<\/td>\n<td width=\"155\">Bia\u0142ecka Irena<\/td>\n<td width=\"331\"><em>Religia<\/em><\/td>\n<td width=\"151\">&nbsp;<\/td>\n<\/tr>\n<tr>\n<td width=\"53\">5.&nbsp;&nbsp;&nbsp;&nbsp;&nbsp;&nbsp; &nbsp;<\/td>\n<td width=\"155\">B\u0142o\u0144ska-Sobczak Beata<\/td>\n<td width=\"331\"><em>J. angielski<\/em><\/td>\n<td width=\"151\">&nbsp;<\/td>\n<\/tr>\n<tr>\n<td width=\"53\">6.&nbsp;&nbsp;&nbsp;&nbsp;&nbsp;&nbsp; &nbsp;<\/td>\n<td width=\"155\">Brzezi\u0144ska Anna<\/td>\n<td width=\"331\"><em>Edukacja wczesnoszkolna\/<br \/>\nTerapeuta pedagogiczny\/<\/em><\/p>\n<p><em>J. angielski\/<br \/>\n\u015awietlica&nbsp; <\/em><\/td>\n<td width=\"151\">Kl. Ib<\/td>\n<\/tr>\n<tr>\n<td width=\"53\">7.&nbsp;&nbsp;&nbsp;&nbsp;&nbsp;&nbsp; &nbsp;<\/td>\n<td width=\"155\">D\u017cbik Marianna<\/td>\n<td width=\"331\"><em>Przyroda<\/em><\/p>\n<p><em>Geografia<\/em><\/td>\n<td width=\"151\"><strong>&nbsp;<\/strong><\/td>\n<\/tr>\n<tr>\n<td width=\"53\">8.&nbsp;&nbsp;&nbsp;&nbsp;&nbsp;&nbsp; &nbsp;<\/td>\n<td width=\"155\">Gamorska Joanna<\/td>\n<td width=\"331\"><em>Edukacja wczesnoszkolna\/<br \/>\nTerapia SI \/<br \/>\n\u015awietlica <\/em><\/td>\n<td width=\"151\">Kl. IIIa<\/td>\n<\/tr>\n<tr>\n<td width=\"53\">9.&nbsp;&nbsp;&nbsp;&nbsp;&nbsp;&nbsp; &nbsp;<\/td>\n<td width=\"155\">Groblewska-Durajska Bogus\u0142awa<\/td>\n<td width=\"331\"><em>Historia<\/em><\/p>\n<p><em>WOS<\/em><\/td>\n<td width=\"151\">&nbsp;<\/td>\n<\/tr>\n<tr>\n<td width=\"53\">10.&nbsp;&nbsp; &nbsp;<\/td>\n<td width=\"155\">Helbik Jacek<\/td>\n<td width=\"331\"><em>W-F\/<br \/>\n&nbsp;\u015awietlica<\/em><\/td>\n<td width=\"151\">&nbsp;<\/td>\n<\/tr>\n<tr>\n<td width=\"53\">11.&nbsp;&nbsp; &nbsp;<\/td>\n<td width=\"155\">Hornich Aneta<\/td>\n<td width=\"331\"><em>Edukacja wczesnoszkolna\/<br \/>\n\u015awietlica<\/em><\/td>\n<td width=\"151\">Kl. IIb<\/td>\n<\/tr>\n<tr>\n<td width=\"53\">12.&nbsp;&nbsp; &nbsp;<\/td>\n<td width=\"155\">Karcz Katarzyna<\/td>\n<td width=\"331\"><em>Fizyka\/<br \/>\nChemia\/<br \/>\nMatematyka&nbsp; <\/em><\/td>\n<td width=\"151\">Kl. VIIa<\/td>\n<\/tr>\n<tr>\n<td width=\"53\">13.&nbsp;&nbsp; &nbsp;<\/td>\n<td width=\"155\">Kasperski Waldemar<\/td>\n<td width=\"331\"><em>Edukacja wczesnoszkolna\/<\/em><\/p>\n<p><em>Terapeuta pedagogiczny\/<br \/>\nJ. angielski\/<br \/>\nEdukacja informatyczna <\/em><\/td>\n<td width=\"151\">Kl. Ia<\/td>\n<\/tr>\n<tr>\n<td width=\"53\">14.&nbsp;&nbsp; &nbsp;<\/td>\n<td width=\"155\">Kolat Marzena<\/td>\n<td width=\"331\"><em>Nauczyciel wsp\u00f3\u0142organizuj\u0105cy kszta\u0142cenie\/<br \/>\nTerapia TUS\/<br \/>\n\u015awietlica <\/em><\/td>\n<td width=\"151\">Kl. VIb<\/td>\n<\/tr>\n<tr>\n<td width=\"53\">15.&nbsp;&nbsp; &nbsp;<\/td>\n<td width=\"155\">Krawczuk Anna<\/td>\n<td width=\"331\"><em>J. polski\/<\/em><\/p>\n<p><em>Bibliotekarz<\/em><\/td>\n<td width=\"151\">&nbsp;<\/td>\n<\/tr>\n<tr>\n<td width=\"53\">16.&nbsp;&nbsp; &nbsp;<\/td>\n<td width=\"155\">Kwa\u015bniak-Wojty\u015b Marta<\/td>\n<td width=\"331\"><em>Neurologopeda\/<br \/>\nLogopeda <\/em><\/td>\n<td width=\"151\">&nbsp;<\/td>\n<\/tr>\n<tr>\n<td width=\"53\">17.&nbsp;&nbsp; &nbsp;<\/td>\n<td width=\"155\">Lewandowska-Grzywacz Irmina<\/td>\n<td width=\"331\"><em>Wychowawca \u015bwietlicy\/<br \/>\nW-F<\/em><\/td>\n<td width=\"151\">Kl. IVa<\/td>\n<\/tr>\n<tr>\n<td width=\"53\">18.&nbsp;&nbsp; &nbsp;<\/td>\n<td width=\"155\">Listowiecka Ma\u0142gorzata<\/td>\n<td width=\"331\"><em>J. polski<\/em><\/td>\n<td width=\"151\">Kl. VIa<\/td>\n<\/tr>\n<tr>\n<td width=\"53\">19.&nbsp;&nbsp; &nbsp;<\/td>\n<td width=\"155\">\u0141agowska Aleksandra<\/td>\n<td width=\"331\"><em>Edukacja wczesnoszkolna\/<br \/>\nLogopeda\/<br \/>\n\u015awietlica<\/em><\/td>\n<td width=\"151\">Kl. IIa<\/td>\n<\/tr>\n<tr>\n<td width=\"53\">20.&nbsp;&nbsp; &nbsp;<\/td>\n<td width=\"155\">Majewska-Jaros Monika<\/td>\n<td width=\"331\"><em>Wychowanie przedszkolne\/<\/em><\/p>\n<p><em>Terapeuta pedagogiczny\/<br \/>\n\u015awietlica <\/em><\/td>\n<td width=\"151\">Biedronki<\/p>\n<p>Gr. 3-4 latki<\/td>\n<\/tr>\n<tr>\n<td width=\"53\">21.&nbsp;&nbsp; &nbsp;<\/td>\n<td width=\"155\">M\u0105drakowska Magdalena<\/td>\n<td width=\"331\"><em>J. polaki<\/em><\/td>\n<td width=\"151\">&nbsp;<\/td>\n<\/tr>\n<tr>\n<td width=\"53\">22.&nbsp;&nbsp; &nbsp;<\/td>\n<td width=\"155\">Micha\u015b-Michalska Agnieszka<\/td>\n<td width=\"331\"><em>J. niemiecki<\/em><\/td>\n<td width=\"151\">&nbsp;<\/td>\n<\/tr>\n<tr>\n<td width=\"53\">23.&nbsp;&nbsp; &nbsp;<\/td>\n<td width=\"155\">Migdal Dorota<\/td>\n<td width=\"331\"><em>Matematyka<\/em><\/td>\n<td width=\"151\">Kl. VIIIa<\/td>\n<\/tr>\n<tr>\n<td width=\"53\">24.&nbsp;&nbsp; &nbsp;<\/td>\n<td width=\"155\">M\u0142ynarczyk \u017baneta<\/td>\n<td width=\"331\"><em>Wychowanie &nbsp;przedszkolne\/<br \/>\n\u015awietlica <\/em><\/td>\n<td width=\"151\">S\u00f3wki<\/p>\n<p>Gr. 0b<\/td>\n<\/tr>\n<tr>\n<td width=\"53\">25.&nbsp;&nbsp; &nbsp;<\/td>\n<td width=\"155\">Muszy\u0144ska Marzena<\/td>\n<td width=\"331\"><em>J. angielski<\/em><\/td>\n<td width=\"151\">&nbsp;<\/td>\n<\/tr>\n<tr>\n<td width=\"53\">26.&nbsp;&nbsp; &nbsp;<\/td>\n<td width=\"155\">Nowak Magdalena<\/td>\n<td width=\"331\"><em>Biologia<\/em><\/td>\n<td width=\"151\">Kl. IVb<\/td>\n<\/tr>\n<tr>\n<td width=\"53\">27.&nbsp;&nbsp; &nbsp;<\/td>\n<td width=\"155\">Okrojek Emilia<\/td>\n<td width=\"331\"><em>J. polski <\/em><\/td>\n<td width=\"151\">&nbsp;<\/td>\n<\/tr>\n<tr>\n<td width=\"53\">28.&nbsp;&nbsp; &nbsp;<\/td>\n<td width=\"155\">Packa Agnieszka<\/td>\n<td width=\"331\"><em>Plastyka <\/em><\/td>\n<td width=\"151\">&nbsp;<\/td>\n<\/tr>\n<tr>\n<td width=\"53\">29.&nbsp;&nbsp; &nbsp;<\/td>\n<td width=\"155\">Pedo-\u015amia\u0142kowska<br \/>\nMa\u0142gorzata<\/td>\n<td width=\"331\"><em>Psycholog\/ <\/em><\/p>\n<p><em>Muzyka <\/em><\/td>\n<td width=\"151\">Kl. VIIIb<\/td>\n<\/tr>\n<tr>\n<td width=\"53\">30.&nbsp;&nbsp; &nbsp;<\/td>\n<td width=\"155\">Pielu\u017cek Bo\u017cena<\/td>\n<td width=\"331\"><em>Edukacja wczesnoszkolna\/<\/em><\/p>\n<p><em>Terapeuta\/<br \/>\n\u015awietlica<\/em><\/td>\n<td width=\"151\">Kl. IIIc<\/td>\n<\/tr>\n<tr>\n<td width=\"53\">31.&nbsp;&nbsp; &nbsp;<\/td>\n<td width=\"155\">Przewo\u017any Tomasz<\/td>\n<td width=\"331\"><em>Edukacja informatyczna<\/em><\/p>\n<p><em>Informatyka<\/em><\/p>\n<p><em>Technika<\/em><\/td>\n<td width=\"151\">Kl. Vb<\/td>\n<\/tr>\n<tr>\n<td width=\"53\">32.&nbsp;&nbsp; &nbsp;<\/td>\n<td width=\"155\">Sadowska-Ruprich Maria<\/td>\n<td width=\"331\"><em>Nauczyciel wsp\u00f3\u0142organizuj\u0105cy kszta\u0142cenie\/<br \/>\nTerapeuta\/<br \/>\n\u015awietlica<\/em><\/td>\n<td width=\"151\">&nbsp;<\/td>\n<\/tr>\n<tr>\n<td width=\"53\">33.&nbsp;&nbsp; &nbsp;<\/td>\n<td width=\"155\">Sendecka Dorota<\/td>\n<td width=\"331\"><em>Logopeda<\/em><\/td>\n<td width=\"151\">&nbsp;<\/td>\n<\/tr>\n<tr>\n<td width=\"53\">34.&nbsp;&nbsp; &nbsp;<\/td>\n<td width=\"155\">Socha Magdalena<\/td>\n<td width=\"331\"><em>Wychowanie przedszkolne\/<br \/>\n\u015awietlica <\/em><\/td>\n<td width=\"151\">Je\u017cyki<\/p>\n<p>Gr. 0a<\/td>\n<\/tr>\n<tr>\n<td width=\"53\">35.&nbsp;&nbsp; &nbsp;<\/td>\n<td width=\"155\">Szarafiniak \u017baneta<\/td>\n<td width=\"331\"><em>Religia\/<br \/>\nEdukacja zdrowotna<\/em><\/td>\n<td width=\"151\">&nbsp;<\/td>\n<\/tr>\n<tr>\n<td width=\"53\">36.&nbsp;&nbsp; &nbsp;<\/td>\n<td width=\"155\">\u015awirniak Mariusz<\/td>\n<td width=\"331\"><em>W-F\/<br \/>\n\u015awietlica <\/em><\/td>\n<td width=\"151\">&nbsp;<\/td>\n<\/tr>\n<tr>\n<td width=\"53\">37.&nbsp;&nbsp; &nbsp;<\/td>\n<td width=\"155\">Targalska Ewa<\/td>\n<td width=\"331\"><em>Nauczyciel wsp\u00f3\u0142organizuj\u0105cy kszta\u0142cenie\/<br \/>\n\u015awietlica <\/em><\/td>\n<td width=\"151\">&nbsp;<\/td>\n<\/tr>\n<tr>\n<td width=\"53\">38.&nbsp;&nbsp; &nbsp;<\/td>\n<td width=\"155\">Trzeszczak Bogumi\u0142a<\/td>\n<td width=\"331\"><em>Edukacja wczesnoszkolna\/<br \/>\n\u015awietlica<\/em><\/td>\n<td width=\"151\">Kl. IIIb<\/td>\n<\/tr>\n<tr>\n<td width=\"53\">39.&nbsp;&nbsp; &nbsp;<\/td>\n<td width=\"155\">Turek-Surowiecka Katarzyna<\/td>\n<td width=\"331\"><em>Wychowanie przedszkolne\/<\/em><\/p>\n<p><em>J. angielski\/<br \/>\n\u015awietlica <\/em><\/td>\n<td width=\"151\">Stokrotki<\/p>\n<p>Gr. 3-4 latki<\/td>\n<\/tr>\n<tr>\n<td width=\"53\">40.&nbsp;&nbsp; &nbsp;<\/td>\n<td width=\"155\">Wata\u0142a Wioletta<\/td>\n<td width=\"331\"><em>Pedagog\/<br \/>\nEdukacja dla bezpiecze\u0144stwa\/<br \/>\nDoradztwo zawodowe\/<\/em><\/p>\n<p><em>Terapeuta pedagogiczny<\/em><\/td>\n<td width=\"151\">&nbsp;<\/td>\n<\/tr>\n<tr>\n<td width=\"53\">41.&nbsp;&nbsp; &nbsp;<\/td>\n<td width=\"155\">Weremecka Anna<\/td>\n<td width=\"331\"><em>Pedagog specjalny\/<br \/>\nNauczyciel wsp\u00f3\u0142organizuj\u0105cy kszta\u0142cenie\/<br \/>\nTerapeuta pedagogiczny <\/em><\/td>\n<td width=\"151\">&nbsp;<\/td>\n<\/tr>\n<tr>\n<td width=\"53\">42.&nbsp;&nbsp; &nbsp;<\/td>\n<td width=\"155\">Zielak Maciej<\/td>\n<td width=\"331\"><em>W-F\/<br \/>\n\u015awietlica<\/em><\/td>\n<td width=\"151\">Kl. Va<\/td>\n<\/tr>\n<tr>\n<td width=\"53\">43.&nbsp;&nbsp; &nbsp;<\/td>\n<td width=\"155\">Zielak Ma\u0142gorzata<\/td>\n<td width=\"331\"><em>Matematyka<\/em><\/td>\n<td width=\"151\">Kl. VIIb<\/td>\n<\/tr>\n<\/tbody>\n<\/table>\n<div class=\"vc_empty_space\">&nbsp;<\/div>\n<\/div>\n<\/div>\n<div class=\"wpb_column vc_column_container vc_col-sm-4\">\n<div class=\"vc_column-inner\">\n<p class=\"wpb_wrapper\">&nbsp;<\/p>\n<\/div>\n<\/div>\n<\/div>\n","protected":false},"excerpt":{"rendered":"<p>&nbsp; NAUCZYCIELE W ZESPOLE SZKOLNO-PRZEDSZKOLNYM W PI\u0104TKOWISKU 2025\/2026 rok LP. NAZWISKO I IMI\u0118 STANOWISKO\/ NAUCZANY PRZEDMIOT WYCHOWAWSTWO 1.&nbsp;&nbsp;&nbsp;&nbsp;&nbsp;&nbsp; &nbsp; Rogala Andrzej Dyrektor\/ Geografia &nbsp; 2.&nbsp;&nbsp;&nbsp;&nbsp;&nbsp;&nbsp; &nbsp; Kucharczyk Andrzej Wicedyrektor \/ &nbsp;Nauczyciel wsp\u00f3\u0142organizuj\u0105cy kszta\u0142cenie &nbsp; 3.&nbsp;&nbsp;&nbsp;&nbsp;&nbsp;&nbsp; &nbsp; Beim Aleksandra Wychowanie przedszkolne\/ Surdopedagog Motylki Gr. 5 latki 4.&nbsp;&nbsp;&nbsp;&nbsp;&nbsp;&nbsp; &nbsp; Bia\u0142ecka Irena Religia [&hellip;]<\/p>\n","protected":false},"author":3,"featured_media":0,"parent":0,"menu_order":0,"comment_status":"closed","ping_status":"closed","template":"","meta":{"ngg_post_thumbnail":0,"footnotes":""},"class_list":["post-5547","page","type-page","status-publish","hentry"],"_links":{"self":[{"href":"http:\/\/zsp-piatkowisko.pl\/index.php?rest_route=\/wp\/v2\/pages\/5547","targetHints":{"allow":["GET"]}}],"collection":[{"href":"http:\/\/zsp-piatkowisko.pl\/index.php?rest_route=\/wp\/v2\/pages"}],"about":[{"href":"http:\/\/zsp-piatkowisko.pl\/index.php?rest_route=\/wp\/v2\/types\/page"}],"author":[{"embeddable":true,"href":"http:\/\/zsp-piatkowisko.pl\/index.php?rest_route=\/wp\/v2\/users\/3"}],"replies":[{"embeddable":true,"href":"http:\/\/zsp-piatkowisko.pl\/index.php?rest_route=%2Fwp%2Fv2%2Fcomments&post=5547"}],"version-history":[{"count":3,"href":"http:\/\/zsp-piatkowisko.pl\/index.php?rest_route=\/wp\/v2\/pages\/5547\/revisions"}],"predecessor-version":[{"id":6847,"href":"http:\/\/zsp-piatkowisko.pl\/index.php?rest_route=\/wp\/v2\/pages\/5547\/revisions\/6847"}],"wp:attachment":[{"href":"http:\/\/zsp-piatkowisko.pl\/index.php?rest_route=%2Fwp%2Fv2%2Fmedia&parent=5547"}],"curies":[{"name":"wp","href":"https:\/\/api.w.org\/{rel}","templated":true}]}}